{"id":11455,"date":"2025-01-14T14:40:29","date_gmt":"2025-01-14T14:40:29","guid":{"rendered":"https:\/\/shop.shopistanbul.online\/product\/kedi-dislik-cadiri\/"},"modified":"2025-04-11T13:42:16","modified_gmt":"2025-04-11T13:42:16","slug":"kedi-dislik-cadiri-2","status":"publish","type":"product","link":"https:\/\/shop.shopistanbul.online\/tr\/urun\/kedi-dislik-cadiri-2\/","title":{"rendered":"Kedi Di\u015flik \u00c7ad\u0131r\u0131"},"content":{"rendered":"\t\t<div data-elementor-type=\"wp-post\" data-elementor-id=\"11455\" class=\"elementor elementor-11455 elementor-258\" data-elementor-post-type=\"product\">\n\t\t\t\t<div class=\"wd-negative-gap elementor-element elementor-element-f6b4702 e-flex e-con-boxed e-con e-parent\" data-id=\"f6b4702\" data-element_type=\"container\">\n\t\t\t\t\t<div class=\"e-con-inner\">\n\t\t<div class=\"elementor-element elementor-element-3d8911c e-con-full e-flex e-con e-child\" data-id=\"3d8911c\" data-element_type=\"container\">\n\t\t\t\t<div class=\"elementor-element elementor-element-68c7254 wd-width-100 elementor-widget elementor-widget-wd_title\" data-id=\"68c7254\" data-element_type=\"widget\" data-widget_type=\"wd_title.default\">\n\t\t\t\t<div class=\"elementor-widget-container\">\n\t\t\t\t\t\t\t<div class=\"title-wrapper wd-set-mb reset-last-child wd-title-color-default wd-title-style-default wd-title-size-default text-center\">\n\n\t\t\t\t\t\t\t\t\t\t\t<div class=\"title-subtitle subtitle-color-default subtitle-style-default wd-fontsize-xs\">\n\t\t\t\t\tAmsterdam\t\t\t\t<\/div>\n\t\t\t\n\t\t\t<div class=\"liner-continer\">\n\t\t\t\t<h4 class=\"woodmart-title-container title wd-fontsize-l\">Oturma odan\u0131zda bir ifade<\/h4> \n\t\t\t\t\t\t\t<\/div>\n\n\t\t\t\t\t<\/div>\n\t\t\t\t\t\t<\/div>\n\t\t\t\t<\/div>\n\t\t\t\t<div class=\"elementor-element elementor-element-d420a59 elementor-widget elementor-widget-wd_image_or_svg\" data-id=\"d420a59\" data-element_type=\"widget\" data-widget_type=\"wd_image_or_svg.default\">\n\t\t\t\t<div class=\"elementor-widget-container\">\n\t\t\t\t\t\n\t\t<div class=\"wd-image text-center\">\n\t\t\t\t\t\t\t\t<img fetchpriority=\"high\" decoding=\"async\" width=\"940\" height=\"325\" src=\"https:\/\/shop.shopistanbul.online\/wp-content\/uploads\/2025\/01\/pic-1-opt.jpg\" class=\"attachment-full size-full\" alt=\"\" srcset=\"https:\/\/shop.shopistanbul.online\/wp-content\/uploads\/2025\/01\/pic-1-opt.jpg 940w, https:\/\/shop.shopistanbul.online\/wp-content\/uploads\/2025\/01\/pic-1-opt-150x52.jpg 150w\" sizes=\"(max-width: 940px) 100vw, 940px\" \/>\t\t\t\t\t<\/div>\n\n\t\t\t\t\t\t<\/div>\n\t\t\t\t<\/div>\n\t\t\t\t<div class=\"elementor-element elementor-element-f9c80a5 elementor-widget elementor-widget-wd_text_block\" data-id=\"f9c80a5\" data-element_type=\"widget\" data-widget_type=\"wd_text_block.default\">\n\t\t\t\t<div class=\"elementor-widget-container\">\n\t\t\t\t\t\t\t<div class=\"wd-text-block reset-last-child text-center\">\n\t\t\t\n\t\t\t<p>\u015eirket, uluslararas\u0131 tasar\u0131mc\u0131lar\u0131 kendileriyle \u00e7al\u0131\u015fmaya davet ederek ve yenilik\u00e7i ve \u015fa\u015f\u0131rt\u0131c\u0131 sonu\u00e7lar\u0131 garanti etmek i\u00e7in yeni teknolojiler ve malzemeler geli\u015ftirerek gelene\u011fi yeniden yorumluyor.<\/p>\n\t\t\t\t\t<\/div>\n\t\t\t\t\t\t<\/div>\n\t\t\t\t<\/div>\n\t\t\t\t<\/div>\n\t\t<div class=\"elementor-element elementor-element-c2ca008 e-con-full e-flex e-con e-child\" data-id=\"c2ca008\" data-element_type=\"container\">\n\t\t<div class=\"elementor-element elementor-element-03aaed9 e-con-full e-flex e-con e-child\" data-id=\"03aaed9\" data-element_type=\"container\">\n\t\t\t\t<div class=\"elementor-element elementor-element-879b00b wd-width-100 elementor-widget elementor-widget-wd_title\" data-id=\"879b00b\" data-element_type=\"widget\" data-widget_type=\"wd_title.default\">\n\t\t\t\t<div class=\"elementor-widget-container\">\n\t\t\t\t\t\t\t<div class=\"title-wrapper wd-set-mb reset-last-child wd-title-color-default wd-title-style-default wd-title-size-default text-left\">\n\n\t\t\t\n\t\t\t<div class=\"liner-continer\">\n\t\t\t\t<h4 class=\"woodmart-title-container title wd-fontsize-l\">Net. Temiz. Emredici  <\/h4> \n\t\t\t\t\t\t\t<\/div>\n\n\t\t\t\t\t<\/div>\n\t\t\t\t\t\t<\/div>\n\t\t\t\t<\/div>\n\t\t\t\t<div class=\"elementor-element elementor-element-193ca94 elementor-widget elementor-widget-wd_infobox\" data-id=\"193ca94\" data-element_type=\"widget\" data-widget_type=\"wd_infobox.default\">\n\t\t\t\t<div class=\"elementor-widget-container\">\n\t\t\t\t\t\t\t<div class=\"info-box-wrapper\">\n\t\t\t<div class=\"wd-info-box text-left box-icon-align-top box-style-base color-scheme-\">\n\t\t\t\t\t\t\t\t\t<div class=\"box-icon-wrapper  box-with-icon box-icon-simple\">\n\t\t\t\t\t\t<div class=\"info-box-icon\">\n\t\t\t\t\t\t\t\t\t\t\t\t\t\t\t<div class=\"info-svg-wrapper\" style=\"width:32px; height:32px;\"><img loading=\"lazy\" decoding=\"async\"  src=\"https:\/\/shop.shopistanbul.online\/wp-content\/uploads\/2025\/01\/optimal-comfort.svg\" title=\"optimal-comfort\" loading=\"lazy\" width=\"32\" height=\"32\"><\/div>\t\t\t\t\t\t\t\t\t\t\t\t\t<\/div>\n\t\t\t\t\t<\/div>\n\t\t\t\t\n\t\t\t\t<div class=\"info-box-content\">\n\t\t\t\t\t\n\t\t\t\t\t\t\t\t\t\t\t<h4\t\t\t\t\t\tclass=\"info-box-title title box-title-style-default wd-fontsize-m\" data-elementor-setting-key=\"title\">\n\t\t\t\t\t\t\t\tOptimum konfor\t\t\t\t\t\t<\/h4>\n\t\t\t\t\t\n\t\t\t\t\t<div class=\"info-box-inner reset-last-child\"data-elementor-setting-key=\"content\"><p>Yumu\u015fak k\u0131vr\u0131mlar ve sivrilen ince \u00e7izgiler modern tasar\u0131mdan esinlenmi\u015ftir. Sonu\u00e7, ideal olarak klasik ama \u00e7a\u011fda\u015f bir sandalyedir. <\/p>\n<\/div>\n\n\t\t\t\t\t\t\t\t\t<\/div>\n\n\t\t\t\t\t\t\t<\/div>\n\t\t<\/div>\n\t\t\t\t\t\t<\/div>\n\t\t\t\t<\/div>\n\t\t\t\t<div class=\"elementor-element elementor-element-797287d elementor-widget elementor-widget-wd_infobox\" data-id=\"797287d\" data-element_type=\"widget\" data-widget_type=\"wd_infobox.default\">\n\t\t\t\t<div class=\"elementor-widget-container\">\n\t\t\t\t\t\t\t<div class=\"info-box-wrapper\">\n\t\t\t<div class=\"wd-info-box text-left box-icon-align-top box-style-base color-scheme-\">\n\t\t\t\t\t\t\t\t\t<div class=\"box-icon-wrapper  box-with-icon box-icon-simple\">\n\t\t\t\t\t\t<div class=\"info-box-icon\">\n\t\t\t\t\t\t\t\t\t\t\t\t\t\t\t<img decoding=\"async\" width=\"124\" height=\"48\" src=\"https:\/\/shop.shopistanbul.online\/wp-content\/uploads\/2025\/01\/elegant-details.png\" class=\"attachment-124x48 size-124x48\" alt=\"\" \/>\t\t\t\t\t\t\t\t\t\t\t\t\t<\/div>\n\t\t\t\t\t<\/div>\n\t\t\t\t\n\t\t\t\t<div class=\"info-box-content\">\n\t\t\t\t\t\n\t\t\t\t\t\t\t\t\t\t\t<h4\t\t\t\t\t\tclass=\"info-box-title title box-title-style-default wd-fontsize-m\" data-elementor-setting-key=\"title\">\n\t\t\t\t\t\t\t\tZarif detaylar\t\t\t\t\t\t<\/h4>\n\t\t\t\t\t\n\t\t\t\t\t<div class=\"info-box-inner reset-last-child\"data-elementor-setting-key=\"content\"><p>\u015eirket, uluslararas\u0131 tasar\u0131mc\u0131lar\u0131 i\u015fe \u00e7a\u011f\u0131rarak gelene\u011fi yeniden yorumluyor.<\/p>\n<\/div>\n\n\t\t\t\t\t\t\t\t\t<\/div>\n\n\t\t\t\t\t\t\t<\/div>\n\t\t<\/div>\n\t\t\t\t\t\t<\/div>\n\t\t\t\t<\/div>\n\t\t\t\t<\/div>\n\t\t<div class=\"elementor-element elementor-element-3dab8c6 e-con-full e-flex e-con e-child\" data-id=\"3dab8c6\" data-element_type=\"container\">\n\t\t\t\t<div class=\"elementor-element elementor-element-c55545e elementor-widget elementor-widget-wd_image_or_svg\" data-id=\"c55545e\" data-element_type=\"widget\" data-widget_type=\"wd_image_or_svg.default\">\n\t\t\t\t<div class=\"elementor-widget-container\">\n\t\t\t\t\t\n\t\t<div class=\"wd-image text-left\">\n\t\t\t\t\t\t\t\t<img decoding=\"async\" width=\"460\" height=\"510\" src=\"https:\/\/shop.shopistanbul.online\/wp-content\/uploads\/2025\/01\/pic-2.jpg\" class=\"attachment-full size-full\" alt=\"\" srcset=\"https:\/\/shop.shopistanbul.online\/wp-content\/uploads\/2025\/01\/pic-2.jpg 460w, https:\/\/shop.shopistanbul.online\/wp-content\/uploads\/2025\/01\/pic-2-150x166.jpg 150w\" sizes=\"(max-width: 460px) 100vw, 460px\" \/>\t\t\t\t\t<\/div>\n\n\t\t\t\t\t\t<\/div>\n\t\t\t\t<\/div>\n\t\t\t\t<\/div>\n\t\t\t\t<\/div>\n\t\t<div class=\"elementor-element elementor-element-8022661 e-con-full e-flex e-con e-child\" data-id=\"8022661\" data-element_type=\"container\">\n\t\t\t\t<div class=\"elementor-element elementor-element-31fb1bc wd-width-100 elementor-widget elementor-widget-wd_title\" data-id=\"31fb1bc\" data-element_type=\"widget\" data-widget_type=\"wd_title.default\">\n\t\t\t\t<div class=\"elementor-widget-container\">\n\t\t\t\t\t\t\t<div class=\"title-wrapper wd-set-mb reset-last-child wd-title-color-default wd-title-style-default wd-title-size-default text-left\">\n\n\t\t\t\n\t\t\t<div class=\"liner-continer\">\n\t\t\t\t<h4 class=\"woodmart-title-container title wd-fontsize-l\">\u00c7ok fonksiyonlu minderler<\/h4> \n\t\t\t\t\t\t\t<\/div>\n\n\t\t\t\t\t\t\t<div class=\"title-after_title reset-last-child wd-fontsize-xs\">\n\t\t\t\t\t<p>\u015eirket, uluslararas\u0131 tasar\u0131mc\u0131lar\u0131 kendileriyle \u00e7al\u0131\u015fmalar\u0131 i\u00e7in \u00e7a\u011f\u0131rarak gelenekleri yeniden yorumluyor ve<\/p>\t\t\t\t<\/div>\n\t\t\t\t\t<\/div>\n\t\t\t\t\t\t<\/div>\n\t\t\t\t<\/div>\n\t\t\t\t<div class=\"elementor-element elementor-element-a608882 elementor-widget elementor-widget-wd_image_or_svg\" data-id=\"a608882\" data-element_type=\"widget\" data-widget_type=\"wd_image_or_svg.default\">\n\t\t\t\t<div class=\"elementor-widget-container\">\n\t\t\t\t\t\n\t\t<div class=\"wd-image text-left\">\n\t\t\t\t\t\t\t\t<img loading=\"lazy\" decoding=\"async\" width=\"940\" height=\"373\" src=\"https:\/\/shop.shopistanbul.online\/wp-content\/uploads\/2025\/01\/pic-3.jpg\" class=\"attachment-full size-full\" alt=\"\" srcset=\"https:\/\/shop.shopistanbul.online\/wp-content\/uploads\/2025\/01\/pic-3.jpg 940w, https:\/\/shop.shopistanbul.online\/wp-content\/uploads\/2025\/01\/pic-3-150x60.jpg 150w\" sizes=\"(max-width: 940px) 100vw, 940px\" \/>\t\t\t\t\t<\/div>\n\n\t\t\t\t\t\t<\/div>\n\t\t\t\t<\/div>\n\t\t\t\t<div class=\"elementor-element elementor-element-90e4965 wd-width-100 elementor-widget elementor-widget-wd_images_gallery\" data-id=\"90e4965\" data-element_type=\"widget\" data-widget_type=\"wd_images_gallery.default\">\n\t\t\t\t<div class=\"elementor-widget-container\">\n\t\t\t\t\t\t\t<div class=\"wd-images-gallery photoswipe-images\" style=\"--wd-align-items:center; --wd-justify-content:center;\">\n\t\t\t\t\t\t<div class=\"wd-grid-g\" style=\"--wd-col-lg:2;--wd-col-md:2;--wd-col-sm:1;--wd-gap-lg:20px;--wd-gap-sm:20px;\" >\n\t\t\t\t\t\t\t\t\t\t\t\t\t\t\t\t\t\t<div class=\"wd-gallery-item wd-col\">\n\t\t\t\t\t\t\t\t\t\t\t\t\t<a  href=\"https:\/\/shop.shopistanbul.online\/wp-content\/uploads\/2025\/01\/pic-5-opt.jpg\" data-width=\"500\" data-height=\"407\" data-index=\"1\" data-elementor-open-lightbox=\"no\">\n\t\t\t\t\t\t\n\t\t\t\t\t\t<img loading=\"lazy\" decoding=\"async\" width=\"500\" height=\"407\" src=\"https:\/\/shop.shopistanbul.online\/wp-content\/uploads\/2025\/01\/pic-5-opt.jpg\" class=\"attachment-full size-full\" alt=\"pic-5-opt\" srcset=\"https:\/\/shop.shopistanbul.online\/wp-content\/uploads\/2025\/01\/pic-5-opt.jpg 500w, https:\/\/shop.shopistanbul.online\/wp-content\/uploads\/2025\/01\/pic-5-opt-150x122.jpg 150w\" sizes=\"(max-width: 500px) 100vw, 500px\" \/>\n\t\t\t\t\t\t\t\t\t\t\t\t\t<\/a>\n\t\t\t\t\t\t\t\t\t\t\t<\/div>\n\t\t\t\t\t\t\t\t\t\t\t\t\t\t\t<div class=\"wd-gallery-item wd-col\">\n\t\t\t\t\t\t\t\t\t\t\t\t\t<a  href=\"https:\/\/shop.shopistanbul.online\/wp-content\/uploads\/2025\/01\/pic-5-opt.jpg\" data-width=\"500\" data-height=\"407\" data-index=\"2\" data-elementor-open-lightbox=\"no\">\n\t\t\t\t\t\t\n\t\t\t\t\t\t<img loading=\"lazy\" decoding=\"async\" width=\"500\" height=\"407\" src=\"https:\/\/shop.shopistanbul.online\/wp-content\/uploads\/2025\/01\/pic-5-opt.jpg\" class=\"attachment-full size-full\" alt=\"pic-5-opt\" srcset=\"https:\/\/shop.shopistanbul.online\/wp-content\/uploads\/2025\/01\/pic-5-opt.jpg 500w, https:\/\/shop.shopistanbul.online\/wp-content\/uploads\/2025\/01\/pic-5-opt-150x122.jpg 150w\" sizes=\"(max-width: 500px) 100vw, 500px\" \/>\n\t\t\t\t\t\t\t\t\t\t\t\t\t<\/a>\n\t\t\t\t\t\t\t\t\t\t\t<\/div>\n\t\t\t\t\t\t\t\t\t\t\t\t\t<\/div>\n\t\t\t\t\t<\/div>\n\t\t\t\t\t\t<\/div>\n\t\t\t\t<\/div>\n\t\t\t\t<\/div>\n\t\t\t\t\t<\/div>\n\t\t\t\t<\/div>\n\t\t\t\t<\/div>\n\t\t","protected":false},"excerpt":{"rendered":"<p>Alt\u0131 d\u00fczensiz \u015fekilli \u00e7okgenin birle\u015fimine dayanan mod\u00fcler yap\u0131s\u0131, \u00f6zel bir dijital platform \u00fczerinde yap\u0131land\u0131r\u0131labilen sonsuz renk ve bi\u00e7im kombinasyonuna olanak tan\u0131r.<\/p>\n","protected":false},"featured_media":11626,"comment_status":"open","ping_status":"closed","template":"","meta":[],"product_brand":[301],"product_cat":[270],"product_tag":[],"class_list":{"0":"post-11455","1":"product","2":"type-product","3":"status-publish","4":"has-post-thumbnail","6":"product_brand-samsung-tr","7":"product_cat-tekstiller","9":"first","10":"instock","11":"sale","12":"shipping-taxable","13":"purchasable","14":"product-type-simple"},"_links":{"self":[{"href":"https:\/\/shop.shopistanbul.online\/tr\/wp-json\/wp\/v2\/product\/11455","targetHints":{"allow":["GET"]}}],"collection":[{"href":"https:\/\/shop.shopistanbul.online\/tr\/wp-json\/wp\/v2\/product"}],"about":[{"href":"https:\/\/shop.shopistanbul.online\/tr\/wp-json\/wp\/v2\/types\/product"}],"replies":[{"embeddable":true,"href":"https:\/\/shop.shopistanbul.online\/tr\/wp-json\/wp\/v2\/comments?post=11455"}],"version-history":[{"count":1,"href":"https:\/\/shop.shopistanbul.online\/tr\/wp-json\/wp\/v2\/product\/11455\/revisions"}],"predecessor-version":[{"id":11457,"href":"https:\/\/shop.shopistanbul.online\/tr\/wp-json\/wp\/v2\/product\/11455\/revisions\/11457"}],"wp:featuredmedia":[{"embeddable":true,"href":"https:\/\/shop.shopistanbul.online\/tr\/wp-json\/wp\/v2\/media\/11626"}],"wp:attachment":[{"href":"https:\/\/shop.shopistanbul.online\/tr\/wp-json\/wp\/v2\/media?parent=11455"}],"wp:term":[{"taxonomy":"product_brand","embeddable":true,"href":"https:\/\/shop.shopistanbul.online\/tr\/wp-json\/wp\/v2\/product_brand?post=11455"},{"taxonomy":"product_cat","embeddable":true,"href":"https:\/\/shop.shopistanbul.online\/tr\/wp-json\/wp\/v2\/product_cat?post=11455"},{"taxonomy":"product_tag","embeddable":true,"href":"https:\/\/shop.shopistanbul.online\/tr\/wp-json\/wp\/v2\/product_tag?post=11455"}],"curies":[{"name":"wp","href":"https:\/\/api.w.org\/{rel}","templated":true}]}}