{"id":12248,"date":"2025-03-15T17:36:42","date_gmt":"2025-03-15T17:36:42","guid":{"rendered":"https:\/\/shop.shopistanbul.online\/?page_id=12248"},"modified":"2025-04-11T12:28:22","modified_gmt":"2025-04-11T12:28:22","slug":"gizlilik-politikasi","status":"publish","type":"page","link":"https:\/\/shop.shopistanbul.online\/tr\/gizlilik-politikasi\/","title":{"rendered":"Gizlilik Politikas\u0131"},"content":{"rendered":"<p>**\u0130stanbul Online Gizlilik Politikas\u0131**<\/p>\n<p>**Son G\u00fcncelleme Tarihi:** 22 Mart 2025<\/p>\n<p>\u0130stanbul Online&#8217;a (&#8220;biz,&#8221; &#8220;bize,&#8221; veya &#8220;site&#8221;) ho\u015f geldiniz. Gizlili\u011finizi korumaya kararl\u0131y\u0131z. Bu Gizlilik Politikas\u0131, web sitemizi ve hizmetlerimizi kulland\u0131\u011f\u0131n\u0131zda ki\u015fisel bilgilerinizi nas\u0131l toplad\u0131\u011f\u0131m\u0131z\u0131, kulland\u0131\u011f\u0131m\u0131z\u0131 ve if\u015fa etti\u011fimizi a\u00e7\u0131klar. L\u00fctfen bu Gizlilik Politikas\u0131&#8217;n\u0131 dikkatlice okuyun. Siteyi kullanarak, bu politikada a\u00e7\u0131klanan veri toplama ve kullan\u0131m uygulamalar\u0131na onay vermi\u015f olursunuz.<\/p>\n<p>**1. Toplad\u0131\u011f\u0131m\u0131z Bilgiler**<\/p>\n<p>Web sitemizi kulland\u0131\u011f\u0131n\u0131zda sizden ve hakk\u0131n\u0131zda farkl\u0131 t\u00fcrde bilgiler toplar\u0131z:<\/p>\n<p>&#8211; **Ki\u015fisel Bilgiler:** Ad, e-posta adresi, teslimat adresi, fatura adresi, telefon numaras\u0131 ve \u00f6deme bilgileri (kredi kart\u0131 bilgileri dahil, ancak bunlar\u0131 do\u011frudan saklam\u0131yoruz; bunlar g\u00fcvenli \u00f6deme sa\u011flay\u0131c\u0131lar\u0131 arac\u0131l\u0131\u011f\u0131yla i\u015flenir) gibi kimli\u011finizi ki\u015fisel olarak tan\u0131mlayabilecek bilgilerdir. Bu bilgileri siteye kaydoldu\u011funuzda, sipari\u015f verdi\u011finizde, b\u00fcltenimize abone oldu\u011funuzda veya e-posta ya da ileti\u015fim formlar\u0131m\u0131z arac\u0131l\u0131\u011f\u0131yla bizimle ileti\u015fim kurdu\u011funuzda toplar\u0131z.<\/p>\n<p>&#8211; **\u0130\u015flem Bilgileri:** Sitemizde ger\u00e7ekle\u015ftirdi\u011finiz i\u015flemlerle ilgili bilgiler, \u00f6rne\u011fin sat\u0131n ald\u0131\u011f\u0131n\u0131z \u00fcr\u00fcnler, sat\u0131n alma tarihi, sat\u0131n alma tutar\u0131, \u00f6deme y\u00f6ntemi ve teslimat detaylar\u0131.<\/p>\n<p>&#8211; **Cihaz ve Kullan\u0131m Bilgileri:** Sitemize eri\u015fmek i\u00e7in kulland\u0131\u011f\u0131n\u0131z cihaz ve taray\u0131c\u0131 hakk\u0131nda bilgiler, IP adresiniz, i\u015fletim sistemi, taray\u0131c\u0131 t\u00fcr\u00fc ve sitemizi nas\u0131l kulland\u0131\u011f\u0131n\u0131z hakk\u0131nda bilgiler (\u00f6rne\u011fin ziyaret etti\u011finiz sayfalar, t\u0131klad\u0131\u011f\u0131n\u0131z ba\u011flant\u0131lar ve her sayfada harcad\u0131\u011f\u0131n\u0131z s\u00fcre) toplar\u0131z. Bu bilgiler \u00e7erezler ve benzeri izleme teknolojileri arac\u0131l\u0131\u011f\u0131yla otomatik olarak toplan\u0131r.<\/p>\n<p>**2. Bilgilerinizi Nas\u0131l Kullan\u0131yoruz**<\/p>\n<p>Toplad\u0131\u011f\u0131m\u0131z bilgileri \u015fu ama\u00e7larla kullan\u0131yoruz:<\/p>\n<p>&#8211; **Hizmetlerimizi Sa\u011flama ve \u0130\u015fletme:** Web sitemizi i\u015fletmek ve talep etti\u011finiz hizmetleri sunmak, \u00f6rne\u011fin sipari\u015fleri i\u015fleme koymak, \u00fcr\u00fcnleri g\u00f6ndermek ve m\u00fc\u015fteri hizmetleri sa\u011flamak.<\/p>\n<p>&#8211; **Web Sitemizi ve Hizmetlerimizi \u0130yile\u015ftirme:** Sitemizi nas\u0131l kulland\u0131\u011f\u0131n\u0131z\u0131 analiz etmek, tercihlerinizi anlamak, web sitemizin tasar\u0131m\u0131n\u0131 ve i\u015flevselli\u011fini geli\u015ftirmek ve yeni \u00fcr\u00fcnler ve hizmetler geli\u015ftirmek.<\/p>\n<p>&#8211; **Sizinle \u0130leti\u015fim Kurma:** Sipari\u015fleriniz hakk\u0131nda ileti\u015fim kurmak, teslimat g\u00fcncellemeleri sa\u011flamak, sorular\u0131n\u0131za yan\u0131t vermek ve pazarlama ve promosyon mesajlar\u0131 g\u00f6ndermek (buna r\u0131za g\u00f6stermi\u015fseniz ve istedi\u011finiz zaman abonelikten \u00e7\u0131kabilirsiniz).<\/p>\n<p>&#8211; **Ki\u015fiselle\u015ftirme:** Sitemizdeki deneyiminizi ki\u015fiselle\u015ftirmek ve sizi ilgilendirebilecek \u00fcr\u00fcnleri ve i\u00e7erikleri g\u00f6stermek.<\/p>\n<p>&#8211; **Yasal Ama\u00e7lar:** Y\u00fcr\u00fcrl\u00fckteki yasalara ve d\u00fczenlemelere uymak, haklar\u0131m\u0131z\u0131 ve \u00e7\u0131karlar\u0131m\u0131z\u0131 ve sizin haklar\u0131n\u0131z\u0131 korumak ve doland\u0131r\u0131c\u0131l\u0131\u011f\u0131 ve di\u011fer yasa d\u0131\u015f\u0131 faaliyetleri \u00f6nlemek.<\/p>\n","protected":false},"excerpt":{"rendered":"<p>**\u0130stanbul Online Gizlilik Politikas\u0131** **Son G\u00fcncelleme Tarihi:** 22 Mart 2025 \u0130stanbul Online&#8217;a (&#8220;biz,&#8221; &#8220;bize,&#8221; veya &#8220;site&#8221;) ho\u015f geldiniz. Gizlili\u011finizi korumaya<\/p>\n","protected":false},"author":2,"featured_media":0,"parent":0,"menu_order":0,"comment_status":"closed","ping_status":"open","template":"","meta":{"footnotes":""},"class_list":["post-12248","page","type-page","status-publish","hentry"],"_links":{"self":[{"href":"https:\/\/shop.shopistanbul.online\/tr\/wp-json\/wp\/v2\/pages\/12248","targetHints":{"allow":["GET"]}}],"collection":[{"href":"https:\/\/shop.shopistanbul.online\/tr\/wp-json\/wp\/v2\/pages"}],"about":[{"href":"https:\/\/shop.shopistanbul.online\/tr\/wp-json\/wp\/v2\/types\/page"}],"author":[{"embeddable":true,"href":"https:\/\/shop.shopistanbul.online\/tr\/wp-json\/wp\/v2\/users\/2"}],"replies":[{"embeddable":true,"href":"https:\/\/shop.shopistanbul.online\/tr\/wp-json\/wp\/v2\/comments?post=12248"}],"version-history":[{"count":1,"href":"https:\/\/shop.shopistanbul.online\/tr\/wp-json\/wp\/v2\/pages\/12248\/revisions"}],"predecessor-version":[{"id":12257,"href":"https:\/\/shop.shopistanbul.online\/tr\/wp-json\/wp\/v2\/pages\/12248\/revisions\/12257"}],"wp:attachment":[{"href":"https:\/\/shop.shopistanbul.online\/tr\/wp-json\/wp\/v2\/media?parent=12248"}],"curies":[{"name":"wp","href":"https:\/\/api.w.org\/{rel}","templated":true}]}}