{"id":12085,"date":"2025-01-14T12:03:31","date_gmt":"2025-01-14T12:03:31","guid":{"rendered":"https:\/\/shop.shopistanbul.online\/siparisinizi-takip-edin\/"},"modified":"2025-04-11T08:02:28","modified_gmt":"2025-04-11T08:02:28","slug":"siparisinizi-takip-edin","status":"publish","type":"page","link":"https:\/\/shop.shopistanbul.online\/tr\/siparisinizi-takip-edin\/","title":{"rendered":"Sipari\u015finizi Takip Edin"},"content":{"rendered":"\t\t<div data-elementor-type=\"wp-page\" data-elementor-id=\"12085\" class=\"elementor elementor-12085 elementor-33\" data-elementor-post-type=\"page\">\n\t\t\t\t<div class=\"wd-negative-gap elementor-element elementor-element-e9a338a e-flex e-con-boxed e-con e-parent\" data-id=\"e9a338a\" data-element_type=\"container\" id=\"TR-Trak\">\n\t\t\t\t\t<div class=\"e-con-inner\">\n\t\t<div class=\"elementor-element elementor-element-8a6ade2 e-con-full color-scheme-light e-flex e-con e-child\" data-id=\"8a6ade2\" data-element_type=\"container\" data-settings=\"{&quot;background_background&quot;:&quot;classic&quot;}\">\n\t\t<div class=\"elementor-element elementor-element-92ed9a6 e-con-full e-flex e-con e-child\" data-id=\"92ed9a6\" data-element_type=\"container\">\n\t\t\t\t<div class=\"elementor-element elementor-element-010d0e3 wd-width-100 elementor-widget elementor-widget-wd_title\" data-id=\"010d0e3\" data-element_type=\"widget\" data-widget_type=\"wd_title.default\">\n\t\t\t\t<div class=\"elementor-widget-container\">\n\t\t\t\t\t\t\t<div class=\"title-wrapper wd-set-mb reset-last-child wd-title-color-default wd-title-style-default wd-title-size-default text-center\">\n\n\t\t\t\n\t\t\t<div class=\"liner-continer\">\n\t\t\t\t<h4 class=\"woodmart-title-container title wd-fontsize-l\">Sipari\u015f Takibi<\/h4> \n\t\t\t\t\t\t\t<\/div>\n\n\t\t\t\t\t<\/div>\n\t\t\t\t\t\t<\/div>\n\t\t\t\t<\/div>\n\t\t\t\t<div class=\"elementor-element elementor-element-5492958 elementor-widget elementor-widget-shortcode\" data-id=\"5492958\" data-element_type=\"widget\" data-widget_type=\"shortcode.default\">\n\t\t\t\t<div class=\"elementor-widget-container\">\n\t\t\t\t\t\t\t<div class=\"elementor-shortcode\"><div class=\"woocommerce\"><\/div><\/div>\n\t\t\t\t\t\t<\/div>\n\t\t\t\t<\/div>\n\t\t\t\t<\/div>\n\t\t\t\t<\/div>\n\t\t\t\t<div class=\"elementor-element elementor-element-2d25847 elementor-widget__width-initial wd-width-100 elementor-widget elementor-widget-wd_title\" data-id=\"2d25847\" data-element_type=\"widget\" data-widget_type=\"wd_title.default\">\n\t\t\t\t<div class=\"elementor-widget-container\">\n\t\t\t\t\t\t\t<div class=\"title-wrapper wd-set-mb reset-last-child wd-title-color-default wd-title-style-default wd-title-size-default text-left\">\n\n\t\t\t\n\t\t\t<div class=\"liner-continer\">\n\t\t\t\t<h4 class=\"woodmart-title-container title wd-fontsize-l\">Hesab\u0131n\u0131z Yok Mu?<\/h4> \n\t\t\t\t\t\t\t<\/div>\n\n\t\t\t\t\t\t\t<div class=\"title-after_title reset-last-child wd-fontsize-xs\">\n\t\t\t\t\t<p>Giri\u015f yapmadan sipari\u015f durumunuzu g\u00f6r\u00fcnt\u00fcleyebilirsiniz. Sipari\u015f Numaran\u0131z yoksa, l\u00fctfen onay e-postan\u0131za ba\u015fvurun. Ek yard\u0131m i\u00e7in \"<a href=\"\/tr\/contact-us\/\">Bize Ula\u015f\u0131n<\/a>\" sayfas\u0131n\u0131 veya <a href=\"https:\/\/wa.me\/%E2%81%A6+971506520083%E2%81%A9\">WhatsApp'\u0131<\/a> kullan\u0131n.<\/p>\t\t\t\t<\/div>\n\t\t\t\t\t<\/div>\n\t\t\t\t\t\t<\/div>\n\t\t\t\t<\/div>\n\t\t\t\t\t<\/div>\n\t\t\t\t<\/div>\n\t\t\t\t<\/div>\n\t\t","protected":false},"excerpt":{"rendered":"<p>Sipari\u015f Takibi Hesab\u0131n\u0131z Yok Mu? Giri\u015f yapmadan sipari\u015f durumunuzu g\u00f6r\u00fcnt\u00fcleyebilirsiniz. Sipari\u015f Numaran\u0131z yoksa, l\u00fctfen onay e-postan\u0131za ba\u015fvurun. Ek yard\u0131m i\u00e7in<\/p>\n","protected":false},"author":1,"featured_media":0,"parent":0,"menu_order":0,"comment_status":"closed","ping_status":"closed","template":"","meta":{"footnotes":""},"class_list":["post-12085","page","type-page","status-publish","hentry"],"_links":{"self":[{"href":"https:\/\/shop.shopistanbul.online\/tr\/wp-json\/wp\/v2\/pages\/12085","targetHints":{"allow":["GET"]}}],"collection":[{"href":"https:\/\/shop.shopistanbul.online\/tr\/wp-json\/wp\/v2\/pages"}],"about":[{"href":"https:\/\/shop.shopistanbul.online\/tr\/wp-json\/wp\/v2\/types\/page"}],"author":[{"embeddable":true,"href":"https:\/\/shop.shopistanbul.online\/tr\/wp-json\/wp\/v2\/users\/1"}],"replies":[{"embeddable":true,"href":"https:\/\/shop.shopistanbul.online\/tr\/wp-json\/wp\/v2\/comments?post=12085"}],"version-history":[{"count":20,"href":"https:\/\/shop.shopistanbul.online\/tr\/wp-json\/wp\/v2\/pages\/12085\/revisions"}],"predecessor-version":[{"id":12141,"href":"https:\/\/shop.shopistanbul.online\/tr\/wp-json\/wp\/v2\/pages\/12085\/revisions\/12141"}],"wp:attachment":[{"href":"https:\/\/shop.shopistanbul.online\/tr\/wp-json\/wp\/v2\/media?parent=12085"}],"curies":[{"name":"wp","href":"https:\/\/api.w.org\/{rel}","templated":true}]}}