{"id":11469,"date":"2025-01-14T12:02:31","date_gmt":"2025-01-14T12:02:31","guid":{"rendered":"https:\/\/shop.shopistanbul.online\/karsilastirma\/"},"modified":"2025-04-11T09:46:09","modified_gmt":"2025-04-11T09:46:09","slug":"karsilastirma","status":"publish","type":"page","link":"https:\/\/shop.shopistanbul.online\/tr\/karsilastirma\/","title":{"rendered":"Kar\u015f\u0131la\u015ft\u0131rma"},"content":{"rendered":"\t\t<div data-elementor-type=\"wp-page\" data-elementor-id=\"11469\" class=\"elementor elementor-11469 elementor-23\" data-elementor-post-type=\"page\">\n\t\t\t\t<div class=\"wd-negative-gap elementor-element elementor-element-8d3e124 e-flex e-con-boxed e-con e-parent\" data-id=\"8d3e124\" data-element_type=\"container\">\n\t\t\t\t\t<div class=\"e-con-inner\">\n\t\t\t\t<div class=\"elementor-element elementor-element-dfe1307 elementor-widget elementor-widget-wd_compare\" data-id=\"dfe1307\" data-element_type=\"widget\" data-widget_type=\"wd_compare.default\">\n\t\t\t\t<div class=\"elementor-widget-container\">\n\t\t\t\t\t\t\t<p class=\"wd-empty-compare wd-empty-page\">\n\t\t\tKar\u015f\u0131la\u015ft\u0131rma listesi bo\u015f.\t\t<\/p>\n\t\t\t\t\t<div class=\"wd-empty-page-text\">\n\t\t\t\tKar\u015f\u0131la\u015ft\u0131rma listesine hi\u00e7bir \u00fcr\u00fcn eklenmedi. \u00dcr\u00fcnleri kar\u015f\u0131la\u015ft\u0131rmak i\u00e7in birka\u00e7 \u00fcr\u00fcn eklemeniz gerekiyor. \"Ma\u011faza\" sayfam\u0131zda bir\u00e7ok ilgin\u00e7 \u00fcr\u00fcn bulabilirsiniz.\t\t\t<\/div>\n\t\t\t\t<p class=\"return-to-shop\">\n\t\t\t<a class=\"button\" href=\"https:\/\/shop.shopistanbul.online\/tr\/magaza\/\">\n\t\t\t\tMa\u011fazaya geri d\u00f6n\t\t\t<\/a>\n\t\t<\/p>\n\t\t\t\t\t\t<\/div>\n\t\t\t\t<\/div>\n\t\t\t\t\t<\/div>\n\t\t\t\t<\/div>\n\t\t\t\t<\/div>\n\t\t","protected":false},"excerpt":{"rendered":"<p>Compare list is empty. No products added in the compare list. You must add some products to compare them. You<\/p>\n","protected":false},"author":1,"featured_media":0,"parent":0,"menu_order":0,"comment_status":"closed","ping_status":"closed","template":"","meta":{"footnotes":""},"class_list":["post-11469","page","type-page","status-publish","hentry"],"_links":{"self":[{"href":"https:\/\/shop.shopistanbul.online\/tr\/wp-json\/wp\/v2\/pages\/11469","targetHints":{"allow":["GET"]}}],"collection":[{"href":"https:\/\/shop.shopistanbul.online\/tr\/wp-json\/wp\/v2\/pages"}],"about":[{"href":"https:\/\/shop.shopistanbul.online\/tr\/wp-json\/wp\/v2\/types\/page"}],"author":[{"embeddable":true,"href":"https:\/\/shop.shopistanbul.online\/tr\/wp-json\/wp\/v2\/users\/1"}],"replies":[{"embeddable":true,"href":"https:\/\/shop.shopistanbul.online\/tr\/wp-json\/wp\/v2\/comments?post=11469"}],"version-history":[{"count":2,"href":"https:\/\/shop.shopistanbul.online\/tr\/wp-json\/wp\/v2\/pages\/11469\/revisions"}],"predecessor-version":[{"id":11471,"href":"https:\/\/shop.shopistanbul.online\/tr\/wp-json\/wp\/v2\/pages\/11469\/revisions\/11471"}],"wp:attachment":[{"href":"https:\/\/shop.shopistanbul.online\/tr\/wp-json\/wp\/v2\/media?parent=11469"}],"curies":[{"name":"wp","href":"https:\/\/api.w.org\/{rel}","templated":true}]}}