{"id":11463,"date":"2025-01-14T12:02:44","date_gmt":"2025-01-14T12:02:44","guid":{"rendered":"https:\/\/shop.shopistanbul.online\/istek-listesi\/"},"modified":"2025-04-10T14:23:17","modified_gmt":"2025-04-10T14:23:17","slug":"istek-listesi","status":"publish","type":"page","link":"https:\/\/shop.shopistanbul.online\/tr\/istek-listesi\/","title":{"rendered":"\u0130stek Listesi"},"content":{"rendered":"\t\t<div data-elementor-type=\"wp-page\" data-elementor-id=\"11463\" class=\"elementor elementor-11463 elementor-25\" data-elementor-post-type=\"page\">\n\t\t\t\t<div class=\"wd-negative-gap elementor-element elementor-element-02bce28 e-flex e-con-boxed e-con e-parent\" data-id=\"02bce28\" data-element_type=\"container\">\n\t\t\t\t\t<div class=\"e-con-inner\">\n\t\t\t\t<div class=\"elementor-element elementor-element-77d5a17 elementor-widget elementor-widget-wd_wishlist\" data-id=\"77d5a17\" data-element_type=\"widget\" data-widget_type=\"wd_wishlist.default\">\n\t\t\t\t<div class=\"elementor-widget-container\">\n\t\t\t\t\t\t\t\n\t\t\n\t\t<div class=\"\">\n\t\t\t\t\t\t<div class=\"wd-wishlist-content\">\n\t\t\t\t\t\t\t\t\t\t\t\n\t\t<p class=\"wd-empty-wishlist wd-empty-page\">\n\t\t\tBu istek listesi bo\u015f.\t\t<\/p>\n\n\t\t\t\t\t<div class=\"wd-empty-page-text\">\n\t\t\t\tHen\u00fcz istek listenizde herhangi bir \u00fcr\u00fcn yok. \"Ma\u011faza\" sayfam\u0131zda bir\u00e7ok ilgin\u00e7 \u00fcr\u00fcn bulabilirsiniz.\t\t\t<\/div>\n\t\t\n\t\t\n\t\t\t\t\t<p class=\"return-to-shop\">\n\t\t\t\t<a class=\"button\" href=\"https:\/\/shop.shopistanbul.online\/tr\/magaza\/\">\n\t\t\t\t\tMa\u011fazaya geri d\u00f6n\t\t\t\t<\/a>\n\t\t\t<\/p>\n\t\t\t\t\t\t\t\t\t\t\t<\/div>\n\t\t\t\t<\/div>\n\t\t\t\t\t\t<\/div>\n\t\t\t\t<\/div>\n\t\t\t\t\t<\/div>\n\t\t\t\t<\/div>\n\t\t\t\t<\/div>\n\t\t","protected":false},"excerpt":{"rendered":"<p>My account Dashboard Orders Downloads Addresses Account details Wishlist Logout Your products wishlist Share: Remove Select all Deselect all<\/p>\n","protected":false},"author":1,"featured_media":0,"parent":0,"menu_order":0,"comment_status":"closed","ping_status":"closed","template":"","meta":{"footnotes":""},"class_list":["post-11463","page","type-page","status-publish","hentry"],"_links":{"self":[{"href":"https:\/\/shop.shopistanbul.online\/tr\/wp-json\/wp\/v2\/pages\/11463","targetHints":{"allow":["GET"]}}],"collection":[{"href":"https:\/\/shop.shopistanbul.online\/tr\/wp-json\/wp\/v2\/pages"}],"about":[{"href":"https:\/\/shop.shopistanbul.online\/tr\/wp-json\/wp\/v2\/types\/page"}],"author":[{"embeddable":true,"href":"https:\/\/shop.shopistanbul.online\/tr\/wp-json\/wp\/v2\/users\/1"}],"replies":[{"embeddable":true,"href":"https:\/\/shop.shopistanbul.online\/tr\/wp-json\/wp\/v2\/comments?post=11463"}],"version-history":[{"count":2,"href":"https:\/\/shop.shopistanbul.online\/tr\/wp-json\/wp\/v2\/pages\/11463\/revisions"}],"predecessor-version":[{"id":11465,"href":"https:\/\/shop.shopistanbul.online\/tr\/wp-json\/wp\/v2\/pages\/11463\/revisions\/11465"}],"wp:attachment":[{"href":"https:\/\/shop.shopistanbul.online\/tr\/wp-json\/wp\/v2\/media?parent=11463"}],"curies":[{"name":"wp","href":"https:\/\/api.w.org\/{rel}","templated":true}]}}